{"id":5987,"date":"2025-07-25T13:20:02","date_gmt":"2025-07-25T10:20:02","guid":{"rendered":"https:\/\/cassiusheritage.com\/?post_type=product&#038;p=5987"},"modified":"2025-07-25T18:55:50","modified_gmt":"2025-07-25T15:55:50","slug":"filtresiz-ilk-hasat-500-ml","status":"publish","type":"product","link":"https:\/\/cassiusheritage.com\/en\/product\/filtresiz-ilk-hasat-500-ml\/","title":{"rendered":"Filtresiz \u0130lk Hasat 500 ML"},"content":{"rendered":"<p>Cassius olarak sofralar\u0131n\u0131za sundu\u011fumuz zeytinya\u011f\u0131, tamamen do\u011fal y\u00f6ntemlerle \u00fcretilmi\u015f ve en taze haliyle \u015fi\u015felenmi\u015ftir. Zeytinlerimiz \u00f6zenle se\u00e7ilir, hasat edildi\u011fi g\u00fcn i\u00e7erisinde so\u011fuk s\u0131k\u0131m y\u00f6ntemiyle i\u015flenir. B\u00f6ylece besin de\u011ferleri, vitaminler ve do\u011fal aromalar maksimum seviyede korunur. \u00dcr\u00fcnlerimizin hi\u00e7bir a\u015famas\u0131nda katk\u0131 maddesi kullan\u0131lmaz; bu sayede do\u011fall\u0131\u011f\u0131n\u0131 ve safl\u0131\u011f\u0131n\u0131 her damlas\u0131nda hissettiren y\u00fcksek kaliteli bir zeytinya\u011f\u0131 sunar\u0131z.<\/p>\n<p>Cassius zeytinya\u011f\u0131, yaln\u0131zca lezzetiyle de\u011fil, sa\u011fl\u0131\u011fa katk\u0131lar\u0131yla da sofralar\u0131n\u0131zda yer al\u0131r. Kalp ve damar sa\u011fl\u0131\u011f\u0131n\u0131 destekleyen, sindirimi kolayla\u015ft\u0131ran ve ba\u011f\u0131\u015f\u0131kl\u0131k sistemine katk\u0131 sa\u011flayan do\u011fal bir besin kayna\u011f\u0131d\u0131r. G\u00fcnl\u00fck yemeklerinizde, salatalar\u0131n\u0131zda ya da kahvalt\u0131lar\u0131n\u0131zda g\u00fcvenle kullanabilece\u011finiz bu \u00fcr\u00fcn, sofralar\u0131n\u0131za do\u011fadan gelen saf bir lezzet katmak i\u00e7in \u00f6zenle haz\u0131rlanm\u0131\u015ft\u0131r.<\/p>","protected":false},"excerpt":{"rendered":"<p>Cassius olarak sofralar\u0131n\u0131za sundu\u011fumuz zeytinya\u011f\u0131, tamamen do\u011fal y\u00f6ntemlerle \u00fcretilmi\u015f ve en taze haliyle \u015fi\u015felenmi\u015ftir. Zeytinlerimiz \u00f6zenle se\u00e7ilir, hasat edildi\u011fi g\u00fcn i\u00e7erisinde so\u011fuk s\u0131k\u0131m y\u00f6ntemiyle i\u015flenir. B\u00f6ylece besin de\u011ferleri, vitaminler ve do\u011fal aromalar maksimum seviyede korunur. \u00dcr\u00fcnlerimizin hi\u00e7bir a\u015famas\u0131nda katk\u0131 maddesi kullan\u0131lmaz; bu sayede do\u011fall\u0131\u011f\u0131n\u0131 ve safl\u0131\u011f\u0131n\u0131 her damlas\u0131nda hissettiren y\u00fcksek kaliteli bir zeytinya\u011f\u0131 sunar\u0131z.<\/p>\n<p>Cassius zeytinya\u011f\u0131, yaln\u0131zca lezzetiyle de\u011fil, sa\u011fl\u0131\u011fa katk\u0131lar\u0131yla da sofralar\u0131n\u0131zda yer al\u0131r. Kalp ve damar sa\u011fl\u0131\u011f\u0131n\u0131 destekleyen, sindirimi kolayla\u015ft\u0131ran ve ba\u011f\u0131\u015f\u0131kl\u0131k sistemine katk\u0131 sa\u011flayan do\u011fal bir besin kayna\u011f\u0131d\u0131r. G\u00fcnl\u00fck yemeklerinizde, salatalar\u0131n\u0131zda ya da kahvalt\u0131lar\u0131n\u0131zda g\u00fcvenle kullanabilece\u011finiz bu \u00fcr\u00fcn, sofralar\u0131n\u0131za do\u011fadan gelen saf bir lezzet katmak i\u00e7in \u00f6zenle haz\u0131rlanm\u0131\u015ft\u0131r.<\/p>","protected":false},"featured_media":5894,"comment_status":"open","ping_status":"closed","template":"","meta":{"_joinchat":[]},"product_brand":[],"product_cat":[93,96],"product_tag":[],"class_list":{"0":"post-5987","1":"product","2":"type-product","3":"status-publish","4":"has-post-thumbnail","6":"product_cat-500-ml-zeytin-yagi","7":"product_cat-filtresiz-ilk-hasat","9":"first","10":"instock","11":"sale","12":"shipping-taxable","13":"purchasable","14":"product-type-simple"},"_links":{"self":[{"href":"https:\/\/cassiusheritage.com\/en\/wp-json\/wp\/v2\/product\/5987","targetHints":{"allow":["GET"]}}],"collection":[{"href":"https:\/\/cassiusheritage.com\/en\/wp-json\/wp\/v2\/product"}],"about":[{"href":"https:\/\/cassiusheritage.com\/en\/wp-json\/wp\/v2\/types\/product"}],"replies":[{"embeddable":true,"href":"https:\/\/cassiusheritage.com\/en\/wp-json\/wp\/v2\/comments?post=5987"}],"wp:featuredmedia":[{"embeddable":true,"href":"https:\/\/cassiusheritage.com\/en\/wp-json\/wp\/v2\/media\/5894"}],"wp:attachment":[{"href":"https:\/\/cassiusheritage.com\/en\/wp-json\/wp\/v2\/media?parent=5987"}],"wp:term":[{"taxonomy":"product_brand","embeddable":true,"href":"https:\/\/cassiusheritage.com\/en\/wp-json\/wp\/v2\/product_brand?post=5987"},{"taxonomy":"product_cat","embeddable":true,"href":"https:\/\/cassiusheritage.com\/en\/wp-json\/wp\/v2\/product_cat?post=5987"},{"taxonomy":"product_tag","embeddable":true,"href":"https:\/\/cassiusheritage.com\/en\/wp-json\/wp\/v2\/product_tag?post=5987"}],"curies":[{"name":"wp","href":"https:\/\/api.w.org\/{rel}","templated":true}]}}