{"id":6109,"date":"2025-10-13T20:32:10","date_gmt":"2025-10-13T17:32:10","guid":{"rendered":"https:\/\/cassiusheritage.com\/?page_id=6109"},"modified":"2025-11-07T18:44:17","modified_gmt":"2025-11-07T15:44:17","slug":"odeme","status":"publish","type":"page","link":"https:\/\/cassiusheritage.com\/en\/yardim\/odeme\/","title":{"rendered":"\u00d6deme"},"content":{"rendered":"<div data-elementor-type=\"wp-page\" data-elementor-id=\"6109\" class=\"elementor elementor-6109\">\n\t\t\t\t<div class=\"elementor-element elementor-element-f3d9583 yarsayfaq e-flex e-con-boxed e-con e-parent\" data-id=\"f3d9583\" data-element_type=\"container\" data-e-type=\"container\">\r\n\t\t\t\t\t<div class=\"e-con-inner\">\r\n\t\t\t\t<div class=\"elementor-element elementor-element-57bf531 meyardimaccordion elementor-widget elementor-widget-mdp-questionar-elementor\" data-id=\"57bf531\" data-element_type=\"widget\" data-e-type=\"widget\" data-widget_type=\"mdp-questionar-elementor.default\">\n\t\t\t\t<div class=\"elementor-widget-container\">\n\t\t\t\t\t<div id=\"accordion-57bf531\"><h4 class=\"mdp-questions elementor-repeater-item-d11b818\">Hangi \u015fekillerde \u00f6deme yapabilirim?<\/h4><div class=\"mdp-answers elementor-repeater-item-d11b818\"><div class=\"mdp-answer-text\"><p>Cassiusolive.com \u00fczerinden yapaca\u011f\u0131n\u0131z al\u0131\u015fveri\u015flerde \u00f6demenizi g\u00fcvenli bir \u015fekilde <strong data-start=\"255\" data-end=\"270\">kredi kart\u0131<\/strong>, <strong data-start=\"272\" data-end=\"287\">banka kart\u0131<\/strong> ya da <strong data-start=\"294\" data-end=\"308\">havale\/EFT<\/strong> y\u00f6ntemiyle ger\u00e7ekle\u015ftirebilirsiniz. T\u00fcm i\u015flemler SSL sertifikas\u0131yla korunur ve \u00f6deme s\u0131ras\u0131nda bilgileriniz \u00fc\u00e7\u00fcnc\u00fc ki\u015filerle payla\u015f\u0131lmaz.<\/p><\/div><\/div><h4 class=\"mdp-questions elementor-repeater-item-5673050\">Hangi banka kartlar\u0131n\u0131 kullanabilirim?<\/h4><div class=\"mdp-answers elementor-repeater-item-5673050\"><div class=\"mdp-answer-text\"><p>Sitemiz \u00fczerinden t\u00fcm bankalara ait <strong data-start=\"538\" data-end=\"546\">VISA<\/strong> ve <strong data-start=\"550\" data-end=\"564\">MasterCard<\/strong> logolu kredi veya banka kartlar\u0131yla al\u0131\u015fveri\u015f yapabilirsiniz. Ayr\u0131ca, desteklenen kartlar arac\u0131l\u0131\u011f\u0131yla taksitli \u00f6deme se\u00e7eneklerinden de yararlanabilirsiniz. Kart bilgileriniz hi\u00e7bir \u015fekilde sistemimizde saklanmaz.<\/p><\/div><\/div><h4 class=\"mdp-questions elementor-repeater-item-3ad4a77\">Ald\u0131\u011f\u0131m \u00fcr\u00fcne KDV dahil midir?<\/h4><div class=\"mdp-answers elementor-repeater-item-3ad4a77\"><div class=\"mdp-answer-text\"><p>Evet. Cassius Olive \u00fczerinden sat\u0131\u015fa sunulan t\u00fcm \u00fcr\u00fcnlerin fiyatlar\u0131na <strong data-start=\"898\" data-end=\"914\">KDV dahildir<\/strong>. \u00dcr\u00fcn detay sayfalar\u0131nda g\u00f6rd\u00fc\u011f\u00fcn\u00fcz tutarlar, vergiler dahil olarak son t\u00fcketici fiyat\u0131n\u0131 yans\u0131tmaktad\u0131r.<\/p><\/div><\/div><\/div>\n            <!--suppress JSUnresolvedFunction -->\n            <script>\n                jQuery( document ).ready(function() {\n\n                    let icons_57bf531 = {\n                        header: \"fas fa-angle-down mdp-questionar-icon\",\n                        activeHeader: \"fas fa-angle-up mdp-questionar-icon\"\n                    };\n\n                    jQuery( \"#accordion-57bf531\" ).accordion( {\n                        icons: icons_57bf531,\n                        collapsible: true,\n                        active: 0,\n                        event: \"click\",\n                        animate: {\n                            duration: 500\n                        },\n                        heightStyle: \"content\"\n                    });\n\n                });\n            <\/script>\n            \t\t\t\t<\/div>\n\t\t\t\t<\/div>\n\t\t\t\t\t<\/div>\n\t\t\t\t<\/div>\n\t\t\t\t<\/div>","protected":false},"excerpt":{"rendered":"<p>Hangi \u015fekillerde \u00f6deme yapabilirim? Cassiusolive.com \u00fczerinden yapaca\u011f\u0131n\u0131z al\u0131\u015fveri\u015flerde \u00f6demenizi g\u00fcvenli bir \u015fekilde kredi kart\u0131, banka kart\u0131 ya da havale\/EFT y\u00f6ntemiyle ger\u00e7ekle\u015ftirebilirsiniz. T\u00fcm i\u015flemler SSL sertifikas\u0131yla korunur ve \u00f6deme s\u0131ras\u0131nda bilgileriniz \u00fc\u00e7\u00fcnc\u00fc ki\u015filerle payla\u015f\u0131lmaz. Hangi banka kartlar\u0131n\u0131 kullanabilirim? Sitemiz \u00fczerinden t\u00fcm bankalara ait VISA ve MasterCard logolu kredi veya banka kartlar\u0131yla al\u0131\u015fveri\u015f yapabilirsiniz. Ayr\u0131ca, desteklenen kartlar [&hellip;]<\/p>\n","protected":false},"author":1,"featured_media":0,"parent":6103,"menu_order":0,"comment_status":"closed","ping_status":"closed","template":"","meta":{"_joinchat":[],"footnotes":""},"class_list":["post-6109","page","type-page","status-publish","hentry"],"_links":{"self":[{"href":"https:\/\/cassiusheritage.com\/en\/wp-json\/wp\/v2\/pages\/6109","targetHints":{"allow":["GET"]}}],"collection":[{"href":"https:\/\/cassiusheritage.com\/en\/wp-json\/wp\/v2\/pages"}],"about":[{"href":"https:\/\/cassiusheritage.com\/en\/wp-json\/wp\/v2\/types\/page"}],"author":[{"embeddable":true,"href":"https:\/\/cassiusheritage.com\/en\/wp-json\/wp\/v2\/users\/1"}],"replies":[{"embeddable":true,"href":"https:\/\/cassiusheritage.com\/en\/wp-json\/wp\/v2\/comments?post=6109"}],"version-history":[{"count":13,"href":"https:\/\/cassiusheritage.com\/en\/wp-json\/wp\/v2\/pages\/6109\/revisions"}],"predecessor-version":[{"id":6353,"href":"https:\/\/cassiusheritage.com\/en\/wp-json\/wp\/v2\/pages\/6109\/revisions\/6353"}],"up":[{"embeddable":true,"href":"https:\/\/cassiusheritage.com\/en\/wp-json\/wp\/v2\/pages\/6103"}],"wp:attachment":[{"href":"https:\/\/cassiusheritage.com\/en\/wp-json\/wp\/v2\/media?parent=6109"}],"curies":[{"name":"wp","href":"https:\/\/api.w.org\/{rel}","templated":true}]}}