{"id":6105,"date":"2025-10-13T20:31:26","date_gmt":"2025-10-13T17:31:26","guid":{"rendered":"https:\/\/cassiusheritage.com\/?page_id=6105"},"modified":"2025-11-07T18:39:38","modified_gmt":"2025-11-07T15:39:38","slug":"siparis-kargo","status":"publish","type":"page","link":"https:\/\/cassiusheritage.com\/en\/yardim\/siparis-kargo\/","title":{"rendered":"Sipari\u015f \/ Kargo"},"content":{"rendered":"<div data-elementor-type=\"wp-page\" data-elementor-id=\"6105\" class=\"elementor elementor-6105\">\n\t\t\t\t<div class=\"elementor-element elementor-element-f772470 yarsayfaq e-flex e-con-boxed e-con e-parent\" data-id=\"f772470\" data-element_type=\"container\" data-e-type=\"container\">\r\n\t\t\t\t\t<div class=\"e-con-inner\">\r\n\t\t\t\t<div class=\"elementor-element elementor-element-765cb46 meyardimaccordion elementor-widget elementor-widget-mdp-questionar-elementor\" data-id=\"765cb46\" data-element_type=\"widget\" data-e-type=\"widget\" data-widget_type=\"mdp-questionar-elementor.default\">\n\t\t\t\t<div class=\"elementor-widget-container\">\n\t\t\t\t\t<div id=\"accordion-765cb46\"><h4 class=\"mdp-questions elementor-repeater-item-00a3043\">Arad\u0131\u011f\u0131m \u00dcr\u00fcne Nas\u0131l Ula\u015fabilirim?<\/h4><div class=\"mdp-answers elementor-repeater-item-00a3043\"><div class=\"mdp-answer-text\"><p data-start=\"368\" data-end=\"737\">Cassius Olive web sitemizin \u00fcst k\u0131sm\u0131nda bulunan arama alan\u0131na \u00fcr\u00fcn ad\u0131n\u0131 veya kategorisini yazarak kolayca arama yapabilirsiniz. Ayr\u0131ca men\u00fcdeki \u201c\u00dcr\u00fcnlerimiz\u201d sekmesinden diledi\u011finiz zeytinya\u011f\u0131 t\u00fcr\u00fcne, ambalaj se\u00e7ene\u011fine veya koleksiyonuna g\u00f6re filtreleme yapabilirsiniz. \u00dcr\u00fcn sayfalar\u0131ndaki s\u0131ralama se\u00e7enekleriyle fiyat veya \u00f6zellik bazl\u0131 g\u00f6r\u00fcnt\u00fcleme yapabilirsiniz.<\/p><\/div><\/div><h4 class=\"mdp-questions elementor-repeater-item-59f5b4e\">Sipari\u015flerimi Nereden G\u00f6rebilirim?<\/h4><div class=\"mdp-answers elementor-repeater-item-59f5b4e\"><div class=\"mdp-answer-text\"><p>cassiusolive.com hesab\u0131n\u0131za giri\u015f yapt\u0131ktan sonra \u201cHesab\u0131m\u201d sekmesinde yer alan <strong data-start=\"869\" data-end=\"887\">\u201cSipari\u015flerim\u201d<\/strong> b\u00f6l\u00fcm\u00fcnden ge\u00e7mi\u015f ve g\u00fcncel t\u00fcm sipari\u015flerinizi g\u00f6r\u00fcnt\u00fcleyebilirsiniz. Bu alandan sipari\u015f detaylar\u0131na ula\u015fabilir, durumlar\u0131n\u0131 takip edebilir ve fatura bilgilerinizi kontrol edebilirsiniz.<\/p><\/div><\/div><h4 class=\"mdp-questions elementor-repeater-item-0a533aa\">Sipari\u015fimde De\u011fi\u015fiklik Yapabilir Miyim?<\/h4><div class=\"mdp-answers elementor-repeater-item-0a533aa\"><div class=\"mdp-answer-text\"><p>Sipari\u015finizi verdikten sonra i\u015flem onaylanmadan \u00f6nce de\u011fi\u015fiklik talebinde bulunabilirsiniz. \u00dcr\u00fcn kargoya verilmeden \u00f6nce adres veya \u00fcr\u00fcn de\u011fi\u015fikli\u011fi i\u00e7in bizimle ileti\u015fime ge\u00e7ebilirsiniz. Kargoya teslim edildikten sonra de\u011fi\u015fiklik yap\u0131lamamaktad\u0131r.<\/p><\/div><\/div><h4 class=\"mdp-questions elementor-repeater-item-a5f1d3e\">Sipari\u015fimi \u0130ptal Etmek \u0130stiyorum, Ne Yapmal\u0131y\u0131m?<\/h4><div class=\"mdp-answers elementor-repeater-item-a5f1d3e\"><div class=\"mdp-answer-text\"><p>Sipari\u015finiz hen\u00fcz kargoya verilmemi\u015fse, \u201cHesab\u0131m &gt; Sipari\u015flerim\u201d alan\u0131ndan veya m\u00fc\u015fteri hizmetlerimizle ileti\u015fime ge\u00e7erek iptal talebinde bulunabilirsiniz. Sipari\u015finiz kargoya verilmi\u015fse, \u00fcr\u00fcn size ula\u015ft\u0131ktan sonra <strong data-start=\"1661\" data-end=\"1681\">iade politikam\u0131z<\/strong> kapsam\u0131nda yasal iade hakk\u0131n\u0131z\u0131 kullanabilirsiniz.<\/p><\/div><\/div><h4 class=\"mdp-questions elementor-repeater-item-c0af3ad\">\u00dcr\u00fcn\u00fcm Ne Zaman Kargoya Verilir?<\/h4><div class=\"mdp-answers elementor-repeater-item-c0af3ad\"><div class=\"mdp-answer-text\"><p>Cassius Olive olarak t\u00fcm sipari\u015fleri \u00f6zenle haz\u0131rlay\u0131p <strong data-start=\"1837\" data-end=\"1868\">en ge\u00e7 3 i\u015f g\u00fcn\u00fc i\u00e7erisinde<\/strong> kargoya teslim ediyoruz. \u00d6zel kampanya veya yo\u011fun d\u00f6nemlerde bu s\u00fcre k\u0131sa s\u00fcreli olarak de\u011fi\u015febilir. Sipari\u015finiz kargoya verildi\u011finde taraf\u0131n\u0131za e-posta veya SMS yoluyla bilgilendirme yap\u0131l\u0131r.<\/p><\/div><\/div><h4 class=\"mdp-questions elementor-repeater-item-adcee79\">Kargo Takibini Nereden Yapabilirim?<\/h4><div class=\"mdp-answers elementor-repeater-item-adcee79\"><div class=\"mdp-answer-text\"><p>\u201cHesab\u0131m &gt; Sipari\u015flerim\u201d b\u00f6l\u00fcm\u00fcnden sipari\u015finize ait kargo takip numaras\u0131n\u0131 g\u00f6r\u00fcnt\u00fcleyebilirsiniz. Bu numaraya t\u0131klayarak do\u011frudan kargo firmas\u0131n\u0131n web sitesine y\u00f6nlendirilir ve g\u00f6nderinizin g\u00fcncel durumunu kolayca takip edebilirsiniz.<\/p><\/div><\/div><h4 class=\"mdp-questions elementor-repeater-item-41ae3a5\">Teslimat Adresimi De\u011fi\u015ftirebilir Miyim?<\/h4><div class=\"mdp-answers elementor-repeater-item-41ae3a5\"><div class=\"mdp-answer-text\"><p>Yeni bir sipari\u015f olu\u015ftururken \u201cYeni Adres Tan\u0131mlamak \u0130stiyorum\u201d se\u00e7ene\u011fini i\u015faretleyerek farkl\u0131 bir teslimat adresi ekleyebilirsiniz. Mevcut sipari\u015fleriniz i\u00e7in adres de\u011fi\u015fikli\u011fi talebinde bulunmak istiyorsan\u0131z, sipari\u015finiz kargoya verilmeden \u00f6nce m\u00fc\u015fteri hizmetlerimizle ileti\u015fime ge\u00e7meniz gerekmektedir.<\/p><\/div><\/div><h4 class=\"mdp-questions elementor-repeater-item-0c11296\">Sipari\u015fim Elime Ula\u015fmad\u0131, Ne Yapmal\u0131y\u0131m?<\/h4><div class=\"mdp-answers elementor-repeater-item-0c11296\"><div class=\"mdp-answer-text\"><p>Teslimat s\u0131ras\u0131nda adreste bulunmaman\u0131z durumunda, kargo firmas\u0131 paketinizi en yak\u0131n \u015fubeye y\u00f6nlendirir ve size bilgilendirme notu b\u0131rak\u0131r. \u201cHesab\u0131m &gt; Sipari\u015flerim &gt; Kargo Takip\u201d sekmesinden g\u00f6nderinizin g\u00fcncel durumunu g\u00f6r\u00fcnt\u00fcleyebilirsiniz. Gecikme veya teslim sorunu ya\u015faman\u0131z durumunda Cassius Olive m\u00fc\u015fteri hizmetleriyle ileti\u015fime ge\u00e7erek destek alabilirsiniz.<\/p><\/div><\/div><\/div>\n            <!--suppress JSUnresolvedFunction -->\n            <script>\n                jQuery( document ).ready(function() {\n\n                    let icons_765cb46 = {\n                        header: \"fas fa-angle-down mdp-questionar-icon\",\n                        activeHeader: \"fas fa-angle-up mdp-questionar-icon\"\n                    };\n\n                    jQuery( \"#accordion-765cb46\" ).accordion( {\n                        icons: icons_765cb46,\n                        collapsible: true,\n                        active: 0,\n                        event: \"click\",\n                        animate: {\n                            duration: 500\n                        },\n                        heightStyle: \"content\"\n                    });\n\n                });\n            <\/script>\n            \t\t\t\t<\/div>\n\t\t\t\t<\/div>\n\t\t\t\t\t<\/div>\n\t\t\t\t<\/div>\n\t\t\t\t<\/div>","protected":false},"excerpt":{"rendered":"<p>Arad\u0131\u011f\u0131m \u00dcr\u00fcne Nas\u0131l Ula\u015fabilirim? Cassius Olive web sitemizin \u00fcst k\u0131sm\u0131nda bulunan arama alan\u0131na \u00fcr\u00fcn ad\u0131n\u0131 veya kategorisini yazarak kolayca arama yapabilirsiniz. Ayr\u0131ca men\u00fcdeki \u201c\u00dcr\u00fcnlerimiz\u201d sekmesinden diledi\u011finiz zeytinya\u011f\u0131 t\u00fcr\u00fcne, ambalaj se\u00e7ene\u011fine veya koleksiyonuna g\u00f6re filtreleme yapabilirsiniz. \u00dcr\u00fcn sayfalar\u0131ndaki s\u0131ralama se\u00e7enekleriyle fiyat veya \u00f6zellik bazl\u0131 g\u00f6r\u00fcnt\u00fcleme yapabilirsiniz. Sipari\u015flerimi Nereden G\u00f6rebilirim? cassiusolive.com hesab\u0131n\u0131za giri\u015f yapt\u0131ktan sonra \u201cHesab\u0131m\u201d sekmesinde [&hellip;]<\/p>\n","protected":false},"author":1,"featured_media":0,"parent":6103,"menu_order":0,"comment_status":"closed","ping_status":"closed","template":"","meta":{"_joinchat":[],"footnotes":""},"class_list":["post-6105","page","type-page","status-publish","hentry"],"_links":{"self":[{"href":"https:\/\/cassiusheritage.com\/en\/wp-json\/wp\/v2\/pages\/6105","targetHints":{"allow":["GET"]}}],"collection":[{"href":"https:\/\/cassiusheritage.com\/en\/wp-json\/wp\/v2\/pages"}],"about":[{"href":"https:\/\/cassiusheritage.com\/en\/wp-json\/wp\/v2\/types\/page"}],"author":[{"embeddable":true,"href":"https:\/\/cassiusheritage.com\/en\/wp-json\/wp\/v2\/users\/1"}],"replies":[{"embeddable":true,"href":"https:\/\/cassiusheritage.com\/en\/wp-json\/wp\/v2\/comments?post=6105"}],"version-history":[{"count":16,"href":"https:\/\/cassiusheritage.com\/en\/wp-json\/wp\/v2\/pages\/6105\/revisions"}],"predecessor-version":[{"id":6343,"href":"https:\/\/cassiusheritage.com\/en\/wp-json\/wp\/v2\/pages\/6105\/revisions\/6343"}],"up":[{"embeddable":true,"href":"https:\/\/cassiusheritage.com\/en\/wp-json\/wp\/v2\/pages\/6103"}],"wp:attachment":[{"href":"https:\/\/cassiusheritage.com\/en\/wp-json\/wp\/v2\/media?parent=6105"}],"curies":[{"name":"wp","href":"https:\/\/api.w.org\/{rel}","templated":true}]}}