{"id":6087,"date":"2025-10-13T20:05:27","date_gmt":"2025-10-13T17:05:27","guid":{"rendered":"https:\/\/cassiusheritage.com\/?page_id=6087"},"modified":"2026-01-08T12:05:46","modified_gmt":"2026-01-08T09:05:46","slug":"teslimat-kosullari","status":"publish","type":"page","link":"https:\/\/cassiusheritage.com\/en\/sayfalar\/teslimat-kosullari\/","title":{"rendered":"Teslimat Ko\u015fullar\u0131"},"content":{"rendered":"<h1 class=\"wp-block-heading\">Teslimat Ko\u015fullar\u0131<\/h1><p>Cassius Heritage olarak sipari\u015flerinizin g\u00fcvenli ve zaman\u0131nda ula\u015fmas\u0131 i\u00e7in t\u00fcm s\u00fcre\u00e7leri titizlikle y\u00f6netiyoruz. Onaylanan sipari\u015fleriniz, \u00f6deme al\u0131nd\u0131ktan sonra <strong>en ge\u00e7 3 i\u015f g\u00fcn\u00fc i\u00e7erisinde<\/strong> anla\u015fmal\u0131 kargo firmas\u0131 arac\u0131l\u0131\u011f\u0131yla g\u00f6nderilir. Teslimat s\u00fcresi, bulundu\u011funuz il veya il\u00e7eye g\u00f6re de\u011fi\u015fiklik g\u00f6sterebilir.<\/p><ul class=\"wp-block-list\"><li>Kargoya verilen her sipari\u015f i\u00e7in taraf\u0131n\u0131za e-posta veya SMS yoluyla bilgilendirme yap\u0131l\u0131r.<\/li>\n\n<li>Kargo tesliminde paketi kontrol ederek, hasar veya a\u00e7\u0131lma durumunda tutanak tutturman\u0131z gerekmektedir.<\/li>\n\n<li>Hasarl\u0131 veya eksik \u00fcr\u00fcnlerde, teslimat sonras\u0131 24 saat i\u00e7inde m\u00fc\u015fteri hizmetleriyle ileti\u015fime ge\u00e7ilmelidir.<\/li><\/ul><p>Teslimatlar T\u00fcrkiye s\u0131n\u0131rlar\u0131 i\u00e7erisindeki adreslere yap\u0131lmaktad\u0131r. Cassius Heritage , kargo firmalar\u0131ndan kaynakl\u0131 gecikmelerden sorumlu de\u011fildir ancak s\u00fcrecin h\u0131zla \u00e7\u00f6z\u00fclmesi i\u00e7in destek sa\u011flar.<\/p><p class=\"has-small-font-size\"><em>Teslimat s\u00fcre\u00e7leri, yasal mevzuat ve mesafeli sat\u0131\u015f s\u00f6zle\u015fmesi h\u00fck\u00fcmlerine uygun olarak y\u00fcr\u00fct\u00fclmektedir.<\/em><\/p>","protected":false},"excerpt":{"rendered":"<p>Teslimat Ko\u015fullar\u0131 Cassius Heritage olarak sipari\u015flerinizin g\u00fcvenli ve zaman\u0131nda ula\u015fmas\u0131 i\u00e7in t\u00fcm s\u00fcre\u00e7leri titizlikle y\u00f6netiyoruz. Onaylanan sipari\u015fleriniz, \u00f6deme al\u0131nd\u0131ktan sonra en ge\u00e7 3 i\u015f g\u00fcn\u00fc i\u00e7erisinde anla\u015fmal\u0131 kargo firmas\u0131 arac\u0131l\u0131\u011f\u0131yla g\u00f6nderilir. Teslimat s\u00fcresi, bulundu\u011funuz il veya il\u00e7eye g\u00f6re de\u011fi\u015fiklik g\u00f6sterebilir. Teslimatlar T\u00fcrkiye s\u0131n\u0131rlar\u0131 i\u00e7erisindeki adreslere yap\u0131lmaktad\u0131r. Cassius Heritage , kargo firmalar\u0131ndan kaynakl\u0131 gecikmelerden sorumlu de\u011fildir [&hellip;]<\/p>\n","protected":false},"author":1,"featured_media":0,"parent":6082,"menu_order":0,"comment_status":"closed","ping_status":"closed","template":"","meta":{"_joinchat":[],"footnotes":""},"class_list":["post-6087","page","type-page","status-publish","hentry"],"_links":{"self":[{"href":"https:\/\/cassiusheritage.com\/en\/wp-json\/wp\/v2\/pages\/6087","targetHints":{"allow":["GET"]}}],"collection":[{"href":"https:\/\/cassiusheritage.com\/en\/wp-json\/wp\/v2\/pages"}],"about":[{"href":"https:\/\/cassiusheritage.com\/en\/wp-json\/wp\/v2\/types\/page"}],"author":[{"embeddable":true,"href":"https:\/\/cassiusheritage.com\/en\/wp-json\/wp\/v2\/users\/1"}],"replies":[{"embeddable":true,"href":"https:\/\/cassiusheritage.com\/en\/wp-json\/wp\/v2\/comments?post=6087"}],"version-history":[{"count":3,"href":"https:\/\/cassiusheritage.com\/en\/wp-json\/wp\/v2\/pages\/6087\/revisions"}],"predecessor-version":[{"id":6369,"href":"https:\/\/cassiusheritage.com\/en\/wp-json\/wp\/v2\/pages\/6087\/revisions\/6369"}],"up":[{"embeddable":true,"href":"https:\/\/cassiusheritage.com\/en\/wp-json\/wp\/v2\/pages\/6082"}],"wp:attachment":[{"href":"https:\/\/cassiusheritage.com\/en\/wp-json\/wp\/v2\/media?parent=6087"}],"curies":[{"name":"wp","href":"https:\/\/api.w.org\/{rel}","templated":true}]}}